{"id":875,"date":"2024-11-05T09:23:10","date_gmt":"2024-11-05T09:23:10","guid":{"rendered":"https:\/\/osteopathie-ritthammer.de\/?page_id=875"},"modified":"2025-10-21T20:03:24","modified_gmt":"2025-10-21T20:03:24","slug":"better-together","status":"publish","type":"page","link":"https:\/\/osteopathie-ritthammer.de\/?page_id=875","title":{"rendered":"better together"},"content":{"rendered":"<p><strong>Interdisziplin\u00e4re Behandlung mit Hanna Wagner<\/strong><\/p>\n<p>Eine Freundschaft, eine gemeinsame Vision, eine gemeinsame Praxis und jetzt auch eine gemeinsame Behandlung.<\/p>\n<p>In unserem Therapiealltag merken wir relativ oft, dass es eine Kombination aus Osteopathie und Physiotherapie br\u00e4uchte. Nicht selten kommt es vor, dass ich meine Patientinnen zu Hanna schicke und Hanna&#8217;s Patientinnen kommen zu mir.<\/p>\n<p>Aus diesem Grund wollen wir unser Knowhow b\u00fcndeln, in einen Termin, um unsere Patinnen ganzheitlich behandeln und beraten zu k\u00f6nnen.<\/p>\n<p>Wie sieht so eine Behandlung aus? Zuerst ben\u00f6tigen wir eine genaue Anamnese und einen Befund unserer Patientin. Danach startet ich mit osteopathischen Techniken, um Blockaden z.B. von Organen zu l\u00f6sen. Ist alles wieder frei und gel\u00f6st, leitet Hanna die Patientin mit gezielten \u00dcbungen an, um den neuen Istzustand zu stabilisieren. Danach geben wir ganz viele individuelle Tipps, \u00dcbungen uvm. f\u00fcr den Alltag der Patientin mit.<\/p>\n<p>Unser Ziel ist es, mit der Patientin innerhalb einer Behandlung so viel wie m\u00f6glich zu erreichen und sie f\u00fcr die kommende Zeit selbst handlungsf\u00e4hig zu machen.<\/p>\n<p>Interesse geweckt? Dann melden Sie sich gerne bei mir oder bei Hanna. Gemeinsam entscheiden wir, ob diese Kombi-Behandlung etwas f\u00fcr Sie ist!<\/p>\n<p><strong>Zeit<\/strong><\/p>\n<p>Die Termine finden derzeit nur Freitags und in Absprache statt. F\u00fcr die Zukunft wollen wir das auch als Online-Buchung anbieten.<\/p>\n<p>Gesamtdauer 90 Minuten<\/p>\n<p><strong>Wir &amp; Sie<br \/>\n<\/strong><\/p>\n<p>Hanna und ich sind die gesamten 1,5 Stunden im Raum. Die Anamnese und Befundung l\u00e4uft gemeinsam ab. Die Behandlung wird immer von einer Therapeutin durchgef\u00fchrt. Zur Beratung kommen wir auch wieder zu dritt zusammen.<\/p>\n<p><strong>Kosten<br \/>\n<\/strong><\/p>\n<p>Wir berechnen f\u00fcr 90 Minuten 300 Euro. Sie erhalten von uns eine Heilpraktiker Rechnung, die sie bei Ihrer Krankenkasse einreichen k\u00f6nnen, falls diese die Kosten \u00fcbernimmt (bitte im Vorfeld kl\u00e4ren). Neben der Behandlung erhalten Sie auch individuelle Nachbehandlungspl\u00e4ne, die wir Ihnen auch in ausgearbeiteter Form zukommen lassen. Termine gibt es \u00fcber Hanna Wagner.<\/p>\n<p><strong>Wer ist Hanna Wagner?<\/strong><\/p>\n<p><a href=\"https:\/\/www.hanna-wagner.com\/%C3%BCber-mich\/\">www.hanna-wagner.de<\/a><\/p>\n","protected":false},"excerpt":{"rendered":"<p>Interdisziplin\u00e4re Behandlung mit Hanna Wagner Eine Freundschaft, eine gemeinsame Vision, eine gemeinsame Praxis und jetzt auch eine gemeinsame Behandlung. In unserem Therapiealltag merken wir relativ oft, dass es eine Kombination aus Osteopathie und Physiotherapie br\u00e4uchte. Nicht selten kommt es vor, dass ich meine Patientinnen zu Hanna schicke und Hanna&#8217;s Patientinnen kommen zu mir. Aus diesem &hellip; <\/p>\n<p class=\"link-more\"><a href=\"https:\/\/osteopathie-ritthammer.de\/?page_id=875\" class=\"more-link\"><span class=\"screen-reader-text\">\u201ebetter together\u201c<\/span> weiterlesen<\/a><\/p>\n","protected":false},"author":1,"featured_media":904,"parent":0,"menu_order":0,"comment_status":"closed","ping_status":"closed","template":"","meta":{"footnotes":""},"jetpack_sharing_enabled":true,"_links":{"self":[{"href":"https:\/\/osteopathie-ritthammer.de\/index.php?rest_route=\/wp\/v2\/pages\/875"}],"collection":[{"href":"https:\/\/osteopathie-ritthammer.de\/index.php?rest_route=\/wp\/v2\/pages"}],"about":[{"href":"https:\/\/osteopathie-ritthammer.de\/index.php?rest_route=\/wp\/v2\/types\/page"}],"author":[{"embeddable":true,"href":"https:\/\/osteopathie-ritthammer.de\/index.php?rest_route=\/wp\/v2\/users\/1"}],"replies":[{"embeddable":true,"href":"https:\/\/osteopathie-ritthammer.de\/index.php?rest_route=%2Fwp%2Fv2%2Fcomments&post=875"}],"version-history":[{"count":11,"href":"https:\/\/osteopathie-ritthammer.de\/index.php?rest_route=\/wp\/v2\/pages\/875\/revisions"}],"predecessor-version":[{"id":1201,"href":"https:\/\/osteopathie-ritthammer.de\/index.php?rest_route=\/wp\/v2\/pages\/875\/revisions\/1201"}],"wp:featuredmedia":[{"embeddable":true,"href":"https:\/\/osteopathie-ritthammer.de\/index.php?rest_route=\/wp\/v2\/media\/904"}],"wp:attachment":[{"href":"https:\/\/osteopathie-ritthammer.de\/index.php?rest_route=%2Fwp%2Fv2%2Fmedia&parent=875"}],"curies":[{"name":"wp","href":"https:\/\/api.w.org\/{rel}","templated":true}]}}