{"id":36,"date":"2017-09-25T20:18:13","date_gmt":"2017-09-25T20:18:13","guid":{"rendered":"http:\/\/osteopathie-ritthammer.de\/?page_id=36"},"modified":"2025-12-15T11:06:03","modified_gmt":"2025-12-15T11:06:03","slug":"erwachsene-kinder-saeuglinge","status":"publish","type":"page","link":"https:\/\/osteopathie-ritthammer.de\/?page_id=36","title":{"rendered":"Die Praxis f\u00fcr Frauen, Babys &#038; Kinder"},"content":{"rendered":"<blockquote><p>Nichts wahrhaft Wertvolles erw\u00e4chst aus Ehrgeiz oder blo\u00dfem Pflichtgef\u00fchl,\u00a0sondern vielmehr aus Liebe und Treue zu Menschen und Dingen. -Albert Einstein-<\/p><\/blockquote>\n<p><strong>Osteopathische Behandlungen f\u00fcr:<\/strong><\/p>\n<ul>\n<li>Babys<\/li>\n<li>Kinder<\/li>\n<li>Frauen jeden Alters<\/li>\n<li>Schwangere<\/li>\n<li>pr\u00e4- &amp; postnatale Behandlung<\/li>\n<li>vaginale Behandlungen<\/li>\n<li>NEU: better together (Osteopathie meets Physiotherapie) die neue Beckenbodenbehandlung zusammen mit Hanna Wagner<\/li>\n<\/ul>\n<p><strong>I<\/strong><strong>nformation f\u00fcr die Abrechnung:<\/strong><\/p>\n<ul>\n<li>erfolgreich abgeschlossene BAO-Pr\u00fcfung mit Abschlussarbeit<\/li>\n<li>zertifizierte Ausbildung mit 1440 Kontaktstunden (5 Jahre teilzeit an der Osteopathieschule Deutschland)<\/li>\n<li>Mietglied im hpO (Berufsverband)<\/li>\n<li>Abrechnung erfolgt \u00fcber die Geb\u00fcH (Geb\u00fchrenordung f\u00fcr Heilpraktiker)<\/li>\n<li>Bezuschussung durch gesetzliche Krankenkassen ist m\u00f6glich, bitte informieren Sie sich vorher bei Ihrer Kasse, da manche Krankenkassen nur einen Teil der Kosten oder auch nichts erstatten.<\/li>\n<li>regelm\u00e4\u00dfige Fortbildungen<\/li>\n<\/ul>\n<p><strong>Besonderer Hinweis:<\/strong><br \/>\nDie hier beschriebenen Diagnose- und Behandlungsverfahren Osteopathie und Craniosacrale Therapie basieren auf der naturkundlichen Erfahrungsmedizin und werden nur beschr\u00e4nkt von der allgemeinen Schulmedizin anerkannt. Die getroffenen Aussagen \u00fcber Eigenschaften, Wirkungen und Indikationen beruhen auf den Erkenntnissen und Erfahrungswerten der beschriebenen Methode selbst und stellen kein Heilsversprechen dar.<br \/>\nBitte beachten Sie dar\u00fcber hinaus, dass alle hier aufgezeigten Indikationen nur beispielhaft sind, die in keinem Fall ein Heilversprechen bedeuten. Trotz aufgef\u00fchrtem Anwendungsbeispiel kann eine Behandlung im Einzelfall auch nicht angezeigt sein<\/p>\n","protected":false},"excerpt":{"rendered":"<p>Nichts wahrhaft Wertvolles erw\u00e4chst aus Ehrgeiz oder blo\u00dfem Pflichtgef\u00fchl,\u00a0sondern vielmehr aus Liebe und Treue zu Menschen und Dingen. -Albert Einstein- Osteopathische Behandlungen f\u00fcr: Babys Kinder Frauen jeden Alters Schwangere pr\u00e4- &amp; postnatale Behandlung vaginale Behandlungen NEU: better together (Osteopathie meets Physiotherapie) die neue Beckenbodenbehandlung zusammen mit Hanna Wagner Information f\u00fcr die Abrechnung: erfolgreich abgeschlossene BAO-Pr\u00fcfung &hellip; <\/p>\n<p class=\"link-more\"><a href=\"https:\/\/osteopathie-ritthammer.de\/?page_id=36\" class=\"more-link\"><span class=\"screen-reader-text\">\u201eDie Praxis f\u00fcr Frauen, Babys &#038; Kinder\u201c<\/span> weiterlesen<\/a><\/p>\n","protected":false},"author":1,"featured_media":631,"parent":0,"menu_order":3,"comment_status":"closed","ping_status":"closed","template":"","meta":{"footnotes":""},"jetpack_sharing_enabled":true,"_links":{"self":[{"href":"https:\/\/osteopathie-ritthammer.de\/index.php?rest_route=\/wp\/v2\/pages\/36"}],"collection":[{"href":"https:\/\/osteopathie-ritthammer.de\/index.php?rest_route=\/wp\/v2\/pages"}],"about":[{"href":"https:\/\/osteopathie-ritthammer.de\/index.php?rest_route=\/wp\/v2\/types\/page"}],"author":[{"embeddable":true,"href":"https:\/\/osteopathie-ritthammer.de\/index.php?rest_route=\/wp\/v2\/users\/1"}],"replies":[{"embeddable":true,"href":"https:\/\/osteopathie-ritthammer.de\/index.php?rest_route=%2Fwp%2Fv2%2Fcomments&post=36"}],"version-history":[{"count":25,"href":"https:\/\/osteopathie-ritthammer.de\/index.php?rest_route=\/wp\/v2\/pages\/36\/revisions"}],"predecessor-version":[{"id":1278,"href":"https:\/\/osteopathie-ritthammer.de\/index.php?rest_route=\/wp\/v2\/pages\/36\/revisions\/1278"}],"wp:featuredmedia":[{"embeddable":true,"href":"https:\/\/osteopathie-ritthammer.de\/index.php?rest_route=\/wp\/v2\/media\/631"}],"wp:attachment":[{"href":"https:\/\/osteopathie-ritthammer.de\/index.php?rest_route=%2Fwp%2Fv2%2Fmedia&parent=36"}],"curies":[{"name":"wp","href":"https:\/\/api.w.org\/{rel}","templated":true}]}}