{"id":26,"date":"2017-09-25T20:18:25","date_gmt":"2017-09-25T20:18:25","guid":{"rendered":"http:\/\/osteopathie-ritthammer.de\/?page_id=26"},"modified":"2025-07-09T08:46:12","modified_gmt":"2025-07-09T08:46:12","slug":"impressum-datenschutz","status":"publish","type":"page","link":"https:\/\/osteopathie-ritthammer.de\/?page_id=26","title":{"rendered":"Impressum\/ Datenschutz"},"content":{"rendered":"<p>Impressum gem. \u00a7 5 Telemediengesetz<\/p>\n<p>Osteopathiepraxis &#8211; Sarah Ritthammer<\/p>\n<p>Jakobiweg 7, 86551 Aichach<\/p>\n<p>Telefonnummer: 0176\/ 46152840<br \/>\ne-mail: info@osteopathie-ritthammer.de<br \/>\nWeb: www.ostheopathie-ritthammer.de<\/p>\n<p>Die Berufsbezeichnung lautet Heilpraktikerin (verliehen in der Bundesrepublik Deutschland)<\/p>\n<p>Berufsrechtliche Regelung<\/p>\n<p>Heilpraktikergesetz &#8222;Gesetz \u00fcber die berufsm\u00e4ssige Aus\u00fcbung der Heilkunde ohne Bestellung&#8220; vom 17.02.1939, ge\u00e4ndert durch Art. 53 des EGStGB vom 02.03.1974 \/BGB1. I S.469). Die berufsrechtliche Regelung kann unter http:\/\/www.gesetze-im-internet.de\/ehiprg\/BJNR002510939.html und dort unter Stichwort\/ Titelsuche &#8222;Heilpraktikergesetz&#8220; eingesehen werden.<\/p>\n<p>Die Berufsbezeichnung lautet Physiotherapeutin\/ Masseurin (verliehen in der Bundesrepublik Deutschland)<\/p>\n<p>Berufsrechtliche Regelung<\/p>\n<p>Gesetz \u00fcber die Berufe in der Physiotherapie (Masseur- und Physiotherapeutengesetz MPhG) vom 26.05.1994 (Bundesgesetzblatt I, Seite 1084) und kann unter www.physio.de\/zulassung\/gesetz-beruf-pt.htm eingesehen werden.<\/p>\n<p>Zust\u00e4ndige Beh\u00f6rden f\u00fcr Heilpraktiker und Physiotherapeuten:<\/p>\n<p>Gesundheitsamt Aichach &#8211; Friedberg<\/p>\n<p>Krankenhausstr. 9<br \/>\n86551 Aichach<\/p>\n<p>Selina Lechner<\/p>\n<div class=\"app-contact-phone\">\u00a008251\/92-426<\/div>\n<div class=\"app-contact-fax\">\u00a008251\/81 97 101<\/div>\n<p>Besonderer Hinweis<\/p>\n<p>Die hier beschriebenen Diagnose- und Behandlungsverfahren Osteopathie und Craniosacrale Therapie basieren auf der naturkundlichen Erfahrungsmedizin und werden nur beschr\u00e4nkt von der allgemeinen Schulmedizin anerkannt. Die getroffenen Aussagen \u00fcber Eigenschaften, Wirkungen und Indikationen beruhen auf den Erkenntnissen und Erfahrungswerten der beschriebenen Methode selbst und stellen kein Heilsversprechen dar.<\/p>\n<p>Bitte beachten Sie dar\u00fcber hinaus, dass alle hier aufgezeigten Indikationen nur beispielhaft sind, die in keinem Fall ein Heilversprechen bedeuten. Trotz aufgef\u00fchrtem Anwendungsbeispiel kann eine Behandlung im Einzelfall auch nicht angezeigt sein.<\/p>\n<p>Haftungshinweis<\/p>\n<p>Diese Internetpr\u00e4senz dient ausschlie\u00dflich der allgemeinen Information.<\/p>\n<p>Sie kann und will keine gesundheitliche Beratung oder Behandlung ersetzen, da diese individuell und nach ausf\u00fchrlicher Untersuchung erfolgen m\u00fcssen.<\/p>\n<p>Die Inhalte dieser Website wurden sorgf\u00e4ltig gepr\u00fcft und nach bestem Wissen erstellt. Dennoch kann f\u00fcr die hier angebotenen Informationen kein Anspruch auf Vollst\u00e4ndigkeit, Aktualit\u00e4t, Qualit\u00e4t und Richtigkeit erhoben werden. Es kann dar\u00fcber hinaus keine Verantwortung f\u00fcr Sch\u00e4den \u00fcbernommen werden, die durch das Vertrauen auf die Inhalte dieser Website oder deren Gebrauch entsteht.<\/p>\n<p>Trotz sorgf\u00e4ltiger inhaltlicher Kontrolle \u00fcbernehme ich keine Haftung f\u00fcr die Inhalte externer Links. F\u00fcr den Inhalt der verlinkten Seiten sind ausschlie\u00dflich deren Betreiber verantwortlich.<\/p>\n<p>Urheberrecht<\/p>\n<p>Alle Rechte vorbehalten. Inhalt und Struktur der Website sind urheberrechtlich gesch\u00fctzt. Informationen oder Daten der Website d\u00fcrfen ohne vorherige schriftliche Zustimmung des Herausgebers weder in irgendeiner Form verwendet noch reproduziert werden, auch nicht auszugsweise.<\/p>\n<p>Die Fotos dieser Website wurden mit der Genehmigung von www.Fotolia.com erworben und d\u00fcrfen f\u00fcr diese Website genutzt werden. Ebenso d\u00fcrfen Fotos von www.unsplash.com verwendet werden.<\/p>\n<p>Bild 1 &#8222;R\u00fccken&#8220; &#8211; \u00a9 karelnoppe #86049160 von Fotolia<br \/>\nBild 2 &#8222;Kopf&#8220; &#8211; \u00a9 procy_ab #72103998 von Fotolia<br \/>\nBild 3 &#8222;Babyfu\u00df&#8220; &#8211; \u00a9 epics -19797382 von Fotolia<br \/>\nBild 4 &#8222;Schrecksee&#8220; &#8211;\u00a0stammt aus privatem Besitz<br \/>\nBild 5 &#8222;B\u00fccher&#8220; von syd-wachs-120737 &#8211; unsplash<br \/>\nBild 6 &#8222;Eis&#8220; von jared-sluyter-342881 &#8211; unsplash<br \/>\nBild 7 &#8222;Stuhl&#8220; von eduard-militaru-88755 &#8211; unsplash<br \/>\nBild 8 &#8222;Handy&#8220; von mink-mingle-53274\u00a0&#8211; unsplash<br \/>\nBild 9 &#8222;Sarah Ritthammer&#8220; &#8211; stammt aus privatem Besitz<\/p>\n<p>Fotos die\u00a0unter der Rubrik &#8222;Beitr\u00e4ge&#8220; verwendet\u00a0werden, sind\u00a0jeweils im Anhang benannt.<\/p>\n","protected":false},"excerpt":{"rendered":"<p>Impressum gem. \u00a7 5 Telemediengesetz Osteopathiepraxis &#8211; Sarah Ritthammer Jakobiweg 7, 86551 Aichach Telefonnummer: 0176\/ 46152840 e-mail: info@osteopathie-ritthammer.de Web: www.ostheopathie-ritthammer.de Die Berufsbezeichnung lautet Heilpraktikerin (verliehen in der Bundesrepublik Deutschland) Berufsrechtliche Regelung Heilpraktikergesetz &#8222;Gesetz \u00fcber die berufsm\u00e4ssige Aus\u00fcbung der Heilkunde ohne Bestellung&#8220; vom 17.02.1939, ge\u00e4ndert durch Art. 53 des EGStGB vom 02.03.1974 \/BGB1. I S.469). Die &hellip; <\/p>\n<p class=\"link-more\"><a href=\"https:\/\/osteopathie-ritthammer.de\/?page_id=26\" class=\"more-link\"><span class=\"screen-reader-text\">\u201eImpressum\/ Datenschutz\u201c<\/span> weiterlesen<\/a><\/p>\n","protected":false},"author":1,"featured_media":0,"parent":0,"menu_order":8,"comment_status":"closed","ping_status":"closed","template":"","meta":{"footnotes":""},"jetpack_sharing_enabled":true,"_links":{"self":[{"href":"https:\/\/osteopathie-ritthammer.de\/index.php?rest_route=\/wp\/v2\/pages\/26"}],"collection":[{"href":"https:\/\/osteopathie-ritthammer.de\/index.php?rest_route=\/wp\/v2\/pages"}],"about":[{"href":"https:\/\/osteopathie-ritthammer.de\/index.php?rest_route=\/wp\/v2\/types\/page"}],"author":[{"embeddable":true,"href":"https:\/\/osteopathie-ritthammer.de\/index.php?rest_route=\/wp\/v2\/users\/1"}],"replies":[{"embeddable":true,"href":"https:\/\/osteopathie-ritthammer.de\/index.php?rest_route=%2Fwp%2Fv2%2Fcomments&post=26"}],"version-history":[{"count":12,"href":"https:\/\/osteopathie-ritthammer.de\/index.php?rest_route=\/wp\/v2\/pages\/26\/revisions"}],"predecessor-version":[{"id":1110,"href":"https:\/\/osteopathie-ritthammer.de\/index.php?rest_route=\/wp\/v2\/pages\/26\/revisions\/1110"}],"wp:attachment":[{"href":"https:\/\/osteopathie-ritthammer.de\/index.php?rest_route=%2Fwp%2Fv2%2Fmedia&parent=26"}],"curies":[{"name":"wp","href":"https:\/\/api.w.org\/{rel}","templated":true}]}}