{"id":238,"date":"2019-05-11T09:23:10","date_gmt":"2019-05-11T09:23:10","guid":{"rendered":"http:\/\/osteopathie-ritthammer.de\/?page_id=238"},"modified":"2026-03-25T19:58:00","modified_gmt":"2026-03-25T19:58:00","slug":"artgerecht","status":"publish","type":"page","link":"https:\/\/osteopathie-ritthammer.de\/?page_id=238","title":{"rendered":"Sarah Ritthammer"},"content":{"rendered":"<p>Auf der folgenden Homepage <a href=\"http:\/\/www.sarah-ritthammer.de\">http:\/\/www.sarah-ritthammer.de<\/a><br \/>finden Sie meine Coachingangebote und Kurse zu den Themen:<\/p>\n<ul>\n<li>Kinderleicht-Video (ein Videokurs f\u00fcr die motorische Entwicklung eurer Babys von Beginn an, Tipps zu Lagerung, Stillen, Bauchweh und vieles mehr)<\/li>\n<li>von Frau zu Frau (Kurs zumThema Beckenboden vor und nach der Schwangerschaft)<\/li>\n<li>Hormonfreundliche Ern\u00e4hrung in der Lebensmitte (Rund um die Menopause von 35+ bis open End)<\/li>\n<li>Beckenkbodenkraft (Vortrag f\u00fcr JEDE Frau)<\/li>\n<li>K\u00f6rperzeit (Onlinekurs \u00fcber Frauengesundheit &amp; Pers\u00f6nlichkeitsentwicklung)<\/li>\n<li>(R)Auszeit &#8211; Das Retreat (raus aus dem Alltag, ein Wochenende nur f\u00fcr dich)<\/li>\n<\/ul>\n<p>Ich biete meine Kurse zum Teil online an, in meiner Praxis, Yogastudios, dem Familienst\u00fctzpunkt und bei der KoKi. Ich gebe einige Kurse alleine und auch in Zusammenarbeit mit Kolleginnen. Bei Interesse halte ich meine Workshops und Vortr\u00e4ge auch bei Ihnen, ganz individuell und zugeschnitten auf Frauen- und\/oder Kindergesundheit<\/p>\n\n\n<p><\/p>\n","protected":false},"excerpt":{"rendered":"<p>Auf der folgenden Homepage http:\/\/www.sarah-ritthammer.definden Sie meine Coachingangebote und Kurse zu den Themen: Kinderleicht-Video (ein Videokurs f\u00fcr die motorische Entwicklung eurer Babys von Beginn an, Tipps zu Lagerung, Stillen, Bauchweh und vieles mehr) von Frau zu Frau (Kurs zumThema Beckenboden vor und nach der Schwangerschaft) Hormonfreundliche Ern\u00e4hrung in der Lebensmitte (Rund um die Menopause von &hellip; <\/p>\n<p class=\"link-more\"><a href=\"https:\/\/osteopathie-ritthammer.de\/?page_id=238\" class=\"more-link\"><span class=\"screen-reader-text\">\u201eSarah Ritthammer\u201c<\/span> weiterlesen<\/a><\/p>\n","protected":false},"author":1,"featured_media":634,"parent":0,"menu_order":0,"comment_status":"closed","ping_status":"closed","template":"","meta":{"footnotes":""},"jetpack_sharing_enabled":true,"_links":{"self":[{"href":"https:\/\/osteopathie-ritthammer.de\/index.php?rest_route=\/wp\/v2\/pages\/238"}],"collection":[{"href":"https:\/\/osteopathie-ritthammer.de\/index.php?rest_route=\/wp\/v2\/pages"}],"about":[{"href":"https:\/\/osteopathie-ritthammer.de\/index.php?rest_route=\/wp\/v2\/types\/page"}],"author":[{"embeddable":true,"href":"https:\/\/osteopathie-ritthammer.de\/index.php?rest_route=\/wp\/v2\/users\/1"}],"replies":[{"embeddable":true,"href":"https:\/\/osteopathie-ritthammer.de\/index.php?rest_route=%2Fwp%2Fv2%2Fcomments&post=238"}],"version-history":[{"count":27,"href":"https:\/\/osteopathie-ritthammer.de\/index.php?rest_route=\/wp\/v2\/pages\/238\/revisions"}],"predecessor-version":[{"id":1319,"href":"https:\/\/osteopathie-ritthammer.de\/index.php?rest_route=\/wp\/v2\/pages\/238\/revisions\/1319"}],"wp:featuredmedia":[{"embeddable":true,"href":"https:\/\/osteopathie-ritthammer.de\/index.php?rest_route=\/wp\/v2\/media\/634"}],"wp:attachment":[{"href":"https:\/\/osteopathie-ritthammer.de\/index.php?rest_route=%2Fwp%2Fv2%2Fmedia&parent=238"}],"curies":[{"name":"wp","href":"https:\/\/api.w.org\/{rel}","templated":true}]}}