{"id":22,"date":"2017-09-25T20:18:39","date_gmt":"2017-09-25T20:18:39","guid":{"rendered":"http:\/\/osteopathie-ritthammer.de\/?page_id=22"},"modified":"2026-03-25T20:11:18","modified_gmt":"2026-03-25T20:11:18","slug":"sarah-ritthammer","status":"publish","type":"page","link":"https:\/\/osteopathie-ritthammer.de\/?page_id=22","title":{"rendered":"About"},"content":{"rendered":"<div class=\"wp-block-image\">\n<figure class=\"aligncenter size-large is-resized\"><img data-recalc-dims=\"1\" loading=\"lazy\" decoding=\"async\" width=\"525\" height=\"787\" src=\"https:\/\/i0.wp.com\/osteopathie-ritthammer.de\/wp-content\/uploads\/2024\/07\/97A6184.jpg?resize=525%2C787&#038;ssl=1\" alt=\"\" class=\"wp-image-772\" style=\"width:216px;height:auto\" srcset=\"https:\/\/i0.wp.com\/osteopathie-ritthammer.de\/wp-content\/uploads\/2024\/07\/97A6184-scaled.jpg?resize=683%2C1024&amp;ssl=1 683w, https:\/\/i0.wp.com\/osteopathie-ritthammer.de\/wp-content\/uploads\/2024\/07\/97A6184-scaled.jpg?resize=200%2C300&amp;ssl=1 200w, https:\/\/i0.wp.com\/osteopathie-ritthammer.de\/wp-content\/uploads\/2024\/07\/97A6184-scaled.jpg?resize=768%2C1152&amp;ssl=1 768w, https:\/\/i0.wp.com\/osteopathie-ritthammer.de\/wp-content\/uploads\/2024\/07\/97A6184-scaled.jpg?resize=1024%2C1536&amp;ssl=1 1024w, https:\/\/i0.wp.com\/osteopathie-ritthammer.de\/wp-content\/uploads\/2024\/07\/97A6184-scaled.jpg?resize=1365%2C2048&amp;ssl=1 1365w, https:\/\/i0.wp.com\/osteopathie-ritthammer.de\/wp-content\/uploads\/2024\/07\/97A6184-scaled.jpg?w=1707&amp;ssl=1 1707w, https:\/\/i0.wp.com\/osteopathie-ritthammer.de\/wp-content\/uploads\/2024\/07\/97A6184-scaled.jpg?w=1575&amp;ssl=1 1575w\" sizes=\"(max-width: 525px) 100vw, 525px\" \/><\/figure><\/div>\n\n<p><strong>Zu meiner Person:<\/strong><\/p>\n<p>Mein Name ist Sarah Ritthammer, ich bin geb\u00fcrtige Fr\u00e4nkin und mich hat es 2013 ins sch\u00f6ne M\u00fcnchen verschlagen. Ich bin Heilpraktikerin und Physiotherapeutin mit einer BAO anerkannten 5-j\u00e4hrigen Osteopathieausbildung an einer renomierten deutschen Schule. Meine erste eigene Praxis habe ich in M\u00fcnchen gegr\u00fcndet und 7 Jahre erfolgreich gef\u00fchrt. Im Jahr 2020 bin ich mit Mann und Kind raus aus M\u00fcnchen und rein in die Ruhe nach Aichach gezogen. Nach 2 Jahren pendeln habe ich die Praxis in M\u00fcnchen aufgegeben, da ich mit meiner Zwillingsschwangerschaft und doppeltem Familienzuwachs meine T\u00e4tigkeit nach Aichach verlagern wollte. November 2023 ist es soweit, ich starte in meine berufliche Zukunft in Aichach. F\u00fcr den Neustart habe ich mich ganz den Frauen und Kindern verschrieben. Schwerpunkt werden Behandlungen rund um das Thema Frauenheilkunde, Schwangerschaft und Kinderosteopathie. Da trifft es sich gut, die liebe Hanna Wagner kennengelernt zu haben. Als private Physiotherapeutin spezialisiert auf &#8222;Frauenthemen&#8220; wie Beckenbodenbeschwerden, erg\u00e4nzt sie sich hervorragend mit mir und zieht mit ein, in den Jakobiweg 7 in 86551 Aichach.<\/p>\n<p>Nach all den Jahren kann ich mir immer noch keinen besseren Beruf als meinen vorstellen&#8230; abgesehen vom Muttersein und der ist wohl eher eine Lebensaufgabe!<\/p>\n<p><strong>Werdegang:<\/strong><\/p>\n<p>2000-2003 Chirurgische Ambulanz Krankenhaus Dinkelsb\u00fchl als medizinische Fachangestellte.<\/p>\n<p>2004-2006 Ausbildung zur Masseurin und med. Bad. in W\u00fcrzburg an der staatlichen Massageschule.<\/p>\n<p>2007-2009 Nebenberufliche Weiterbildung zur Physiotherapeutin in Schwarzerden (Rh\u00f6n).<\/p>\n<p>2010-2015 Osteopathieausbildung an der OSD (Osteopathieschule Deutschland, Standort N\u00fcrnberg), eine der renommiertesten Schulen in Deutschland mit international t\u00e4tigen Dozenten. Abgeschlossen habe ich diese mit der BAO-Pr\u00fcfung, deren Ziel es ist, einen Standard f\u00fcr die Osteopathie zu setzen.<\/p>\n<p>Seit 2013 Heilpraktikerin<\/p>\n<p><strong>Fachfortbildungen:<\/strong><\/p>\n<p>2007 &#8211; 2012 Manuelle Lymphdrainage, FBL (Funktionelle Bewegungslehre) nach Kleinvogelbach, Einf\u00fchrung in die Skoliosetherapie nach Schroth und\u00a0 Kinesiotapefortbildung.<\/p>\n<p>2014 Fortbildung im Bereich FDM (Fasziendistorsionsmodell nach Typaldos) bei Dr. med. Harrer<\/p>\n<p>2014 HVT-Kurs mit Minimalhebel BWS\/ LWS nach Prof. Laurie Hartman<\/p>\n<p>2014-2015 Vertiefung der p\u00e4diatrischen Arbeit mit S\u00e4uglingen sowie Fortbildung in diesem speziellen Bereich u.a. bei Christian Defrance de Tersant D.O.<\/p>\n<p>2015 Hom\u00f6opathische Weiterbildung &#8222;Komplexmittel&#8220; von Kattwiga<\/p>\n<p>2015 12. internationales &amp; interdisziplin\u00e4res Symposium der Osteopathie &#8220; P\u00e4diatrie und Osteopathie&#8220; in Berlin<\/p>\n<p>2016 Impfvortrag bei Erika Rau<\/p>\n<p>2016 P\u00e4diatriekurs bei Tom Esser M.Sc. D.O. M.R.O., brit. Osteopath<\/p>\n<p>2016 Vortrag von Thomas Baschab zum Thema Mentale Kraft\/ Mentaltraining<\/p>\n<p>2016 Regelkreis Milz\/ Pankreas im Zentrum f\u00fcr Naturheilkunde<\/p>\n<p>2016 BVO-Kongress in Bad Alexandersbad<\/p>\n<p>2017 Kinesiologie in der Osteopathie<\/p>\n<p>2017 Quaternio-Kurs bei Viktor Manuel Robert<\/p>\n<p>2017 Biodynamik P\u00e4diatrie bei Tom Esser M.Sc. D.O. M.R.O., brit. Osteopath<\/p>\n<p>2018 Fortbildung &#8222;Das zu kurze Zungenband beim S\u00e4ugling&#8220; bei<br \/>Dipl.Ing. M\u00e1rta Gu\u00f3th-Gumberger und\u00a0 A. Univ.-Prof. Dr. Daniela Karall<\/p>\n<p>2018 Fortbildung \u00fcber die\u00a0Antlitzdiagnose, Firma Kattwiga<\/p>\n<p>2018 Quaternio-Aufbaukurs bei Viktor Manuel Robert<\/p>\n<p>2019 Baby-Schlafcoachausbildung im Artgerecht Projekt von Nicola Schmidt<\/p>\n<p>2020 Webinar Telekonsultation bei David Hohenschurz-Schmidt<\/p>\n<p>2020 Zimmt-Kongress Digital aus Berlin (Fachfortbildung)<\/p>\n<p>2021 Onlinevortrag von Dr. Robby Sacher in neurologischer Differenzialdiagnostik bei S\u00e4uglingen<\/p>\n<p>2021 Onlineauffrischung zum Thema &#8211; zu kurzes Zungenband &#8211;<\/p>\n<p>2022 Fortbildung Frauengesundheit, Sexualit\u00e4t &amp; Beckenboden &#8211; ICE-Break Kurs WE.LOVE.PINK.PLANET<\/p>\n<p>2024 Fortbildung Babys und Kleinkinder in der osteopathischen Praxis bei Dr. med. Kia<\/p>\n<p>2025 Phytotherapie bei der Wildkr\u00e4uterwerkstatt &#8211; Carmen Randlof<\/p>\n<p>2025 Ceres-Fortbildung Phytotherapie und Wechseljahre<\/p>\n<p>2026 Faszien als emotionales Organ &#8211; Prof. Dr. Robert Schleip<\/p>\n<p>2026 Breathwork Foundation intensive -Women\u00b4s Edition &#8211; Andrea Guenther<\/p>\n<p><b>Sonstiges:<\/b><\/p>\n<p>\u00dcber meine Seite <a href=\"http:\/\/www.sarah-ritthammer.de\">http:\/\/www.sarah-ritthammer.de<\/a> finden Sie meine Kursangebote zu Themen wie Babyschlaf, Kindergesundheit, Frauengesundheit und weitere Herzensthemen. F\u00fcr Kooperationen oder Workshops in Ihren R\u00e4umlichkeiten oder Ihrem Format, kontaktieren Sie mich gerne.<\/p>","protected":false},"excerpt":{"rendered":"<p>Zu meiner Person: Mein Name ist Sarah Ritthammer, ich bin geb\u00fcrtige Fr\u00e4nkin und mich hat es 2013 ins sch\u00f6ne M\u00fcnchen verschlagen. Ich bin Heilpraktikerin und Physiotherapeutin mit einer BAO anerkannten 5-j\u00e4hrigen Osteopathieausbildung an einer renomierten deutschen Schule. Meine erste eigene Praxis habe ich in M\u00fcnchen gegr\u00fcndet und 7 Jahre erfolgreich gef\u00fchrt. Im Jahr 2020 bin &hellip; <\/p>\n<p class=\"link-more\"><a href=\"https:\/\/osteopathie-ritthammer.de\/?page_id=22\" class=\"more-link\"><span class=\"screen-reader-text\">\u201eAbout\u201c<\/span> weiterlesen<\/a><\/p>\n","protected":false},"author":1,"featured_media":643,"parent":0,"menu_order":4,"comment_status":"closed","ping_status":"closed","template":"","meta":{"footnotes":""},"jetpack_sharing_enabled":true,"_links":{"self":[{"href":"https:\/\/osteopathie-ritthammer.de\/index.php?rest_route=\/wp\/v2\/pages\/22"}],"collection":[{"href":"https:\/\/osteopathie-ritthammer.de\/index.php?rest_route=\/wp\/v2\/pages"}],"about":[{"href":"https:\/\/osteopathie-ritthammer.de\/index.php?rest_route=\/wp\/v2\/types\/page"}],"author":[{"embeddable":true,"href":"https:\/\/osteopathie-ritthammer.de\/index.php?rest_route=\/wp\/v2\/users\/1"}],"replies":[{"embeddable":true,"href":"https:\/\/osteopathie-ritthammer.de\/index.php?rest_route=%2Fwp%2Fv2%2Fcomments&post=22"}],"version-history":[{"count":43,"href":"https:\/\/osteopathie-ritthammer.de\/index.php?rest_route=\/wp\/v2\/pages\/22\/revisions"}],"predecessor-version":[{"id":1326,"href":"https:\/\/osteopathie-ritthammer.de\/index.php?rest_route=\/wp\/v2\/pages\/22\/revisions\/1326"}],"wp:featuredmedia":[{"embeddable":true,"href":"https:\/\/osteopathie-ritthammer.de\/index.php?rest_route=\/wp\/v2\/media\/643"}],"wp:attachment":[{"href":"https:\/\/osteopathie-ritthammer.de\/index.php?rest_route=%2Fwp%2Fv2%2Fmedia&parent=22"}],"curies":[{"name":"wp","href":"https:\/\/api.w.org\/{rel}","templated":true}]}}