{"id":216,"date":"2019-05-11T07:29:23","date_gmt":"2019-05-11T07:29:23","guid":{"rendered":"http:\/\/osteopathie-ritthammer.de\/?page_id=216"},"modified":"2023-10-14T19:46:46","modified_gmt":"2023-10-14T19:46:46","slug":"aktuelles","status":"publish","type":"page","link":"https:\/\/osteopathie-ritthammer.de\/?page_id=216","title":{"rendered":"Termine"},"content":{"rendered":"\n<h1 class=\"wp-block-heading\"><strong>Artgerechter Babyschlaf Vortrag<\/strong><\/h1>\n\n\n\n<p><img loading=\"lazy\" decoding=\"async\" srcset=\"https:\/\/i0.wp.com\/osteopathie-ritthammer.de\/wp-content\/uploads\/2022\/10\/isaac-del-toro-b1NsVYklP6g-unsplash-scaled.jpg?resize=300%2C200 300w, https:\/\/i0.wp.com\/osteopathie-ritthammer.de\/wp-content\/uploads\/2022\/10\/isaac-del-toro-b1NsVYklP6g-unsplash-scaled.jpg?resize=1024%2C683 1024w, https:\/\/i0.wp.com\/osteopathie-ritthammer.de\/wp-content\/uploads\/2022\/10\/isaac-del-toro-b1NsVYklP6g-unsplash-scaled.jpg?resize=768%2C512 768w, https:\/\/i0.wp.com\/osteopathie-ritthammer.de\/wp-content\/uploads\/2022\/10\/isaac-del-toro-b1NsVYklP6g-unsplash-scaled.jpg?resize=1536%2C1024 1536w, https:\/\/i0.wp.com\/osteopathie-ritthammer.de\/wp-content\/uploads\/2022\/10\/isaac-del-toro-b1NsVYklP6g-unsplash-scaled.jpg?resize=2048%2C1365 2048w\" width=\"300\" height=\"200\" src=\"https:\/\/i0.wp.com\/osteopathie-ritthammer.de\/wp-content\/uploads\/2022\/10\/isaac-del-toro-b1NsVYklP6g-unsplash.jpg?resize=300%2C200\" alt=\"\"><img loading=\"lazy\" decoding=\"async\" srcset=\"https:\/\/i0.wp.com\/osteopathie-ritthammer.de\/wp-content\/uploads\/2019\/07\/artgerecht_logo_20042016_petrol_braun1.png?resize=300%2C94 300w, https:\/\/i0.wp.com\/osteopathie-ritthammer.de\/wp-content\/uploads\/2019\/07\/artgerecht_logo_20042016_petrol_braun1.png?w=640 640w\" width=\"176\" height=\"55\" src=\"https:\/\/i0.wp.com\/osteopathie-ritthammer.de\/wp-content\/uploads\/2019\/07\/artgerecht_logo_20042016_petrol_braun1.png?resize=176%2C55\" alt=\"\"><br><strong>Kurse:<\/strong><br>&#8211; Mittwoch den 13.09.2023 von 9:30 &#8211; 11:00 Uhr online<br>   Anmeldung \u00fcber mich sarahritthammer@gmail.com <br>&#8211; Mittwoch den 25.10. 2023 von 9:30 &#8211; 11:00 Uhr online<br>   Anmeldung \u00fcber mich sarahritthammer@gmail.com<\/p>\n\n\n\n<p>Gedacht ist der Kurs f\u00fcr alle werdenden und schon angekommene Eltern, sowie Interessierte, die mit Babys arbeiten. Ich kl\u00e4re dar\u00fcber auf, wie Babys schlafen und wie unterschiedlich sie das tun. Ich m\u00f6chte einen Raum schaffen f\u00fcr \u00fcberm\u00fcdete Eltern unter Gleichgesinnten. Ihr werdet nach dem Kurs verstehen, warum euer kleines Steinzeitbaby ebenso schl\u00e4ft, wie es schl\u00e4ft. Auf wissenschaftlich fundierte Grundlage, von Nicola Schmidt, Gr\u00fcnderin des Artgerecht-Proketes.<\/p>\n\n\n\n<p><\/p>\n\n\n<h1><strong>Kinderleicht<\/strong><\/h1>\n<p><img data-recalc-dims=\"1\" loading=\"lazy\" decoding=\"async\" class=\"alignnone size-medium wp-image-592\" src=\"https:\/\/i0.wp.com\/osteopathie-ritthammer.de\/wp-content\/uploads\/2023\/07\/Kinderleicht-Flyer.png?resize=212%2C300&#038;ssl=1\" alt=\"\" width=\"212\" height=\"300\" srcset=\"https:\/\/i0.wp.com\/osteopathie-ritthammer.de\/wp-content\/uploads\/2023\/07\/Kinderleicht-Flyer.png?resize=212%2C300&amp;ssl=1 212w, https:\/\/i0.wp.com\/osteopathie-ritthammer.de\/wp-content\/uploads\/2023\/07\/Kinderleicht-Flyer.png?resize=724%2C1024&amp;ssl=1 724w, https:\/\/i0.wp.com\/osteopathie-ritthammer.de\/wp-content\/uploads\/2023\/07\/Kinderleicht-Flyer.png?resize=768%2C1086&amp;ssl=1 768w, https:\/\/i0.wp.com\/osteopathie-ritthammer.de\/wp-content\/uploads\/2023\/07\/Kinderleicht-Flyer.png?resize=1086%2C1536&amp;ssl=1 1086w, https:\/\/i0.wp.com\/osteopathie-ritthammer.de\/wp-content\/uploads\/2023\/07\/Kinderleicht-Flyer.png?w=1414&amp;ssl=1 1414w\" sizes=\"(max-width: 212px) 100vw, 212px\" \/><\/p>\n<p>Der Workshop richtet sich an alle Eltern mit Babys im 1. Lebensjahr. Anmeldung erfolgt direkt \u00fcber mich oder bei den <a href=\"http:\/\/www.buntevoegel.com\">http:\/\/www.buntevoegel.com<\/a><br>Die kleinen Zwerge sind nat\u00fcrlich herzlich willkommen und werden mit eingebunden. Hier bekommt ihr viel Information \u00fcber die Entwicklung eurer Babys und praktische \u00dcbungen an die Hand um sie altersgerecht zu unterst\u00fctzen.<\/p>\n<p>Am 14.11.2023 findet der Kurs \u00fcber die KoKi Wei\u00dfenburg statt!<\/p>\n<h1><strong>Endometrioseworkshop <br><\/strong><\/h1>\n<p>Coming soon n\u00e4chstes Jahr in M\u00fcnchen.<\/p>\n<h1><strong>Von Frau zu Frau<\/strong><\/h1>\n<p><img data-recalc-dims=\"1\" loading=\"lazy\" decoding=\"async\" class=\"alignnone size-medium wp-image-596\" src=\"https:\/\/i0.wp.com\/osteopathie-ritthammer.de\/wp-content\/uploads\/2023\/07\/sam-mcnamara-p0ZvBVpW3KY-unsplash.jpg?resize=300%2C199&#038;ssl=1\" alt=\"\" width=\"300\" height=\"199\" srcset=\"https:\/\/i0.wp.com\/osteopathie-ritthammer.de\/wp-content\/uploads\/2023\/07\/sam-mcnamara-p0ZvBVpW3KY-unsplash-scaled.jpg?resize=300%2C199&amp;ssl=1 300w, https:\/\/i0.wp.com\/osteopathie-ritthammer.de\/wp-content\/uploads\/2023\/07\/sam-mcnamara-p0ZvBVpW3KY-unsplash-scaled.jpg?resize=1024%2C678&amp;ssl=1 1024w, https:\/\/i0.wp.com\/osteopathie-ritthammer.de\/wp-content\/uploads\/2023\/07\/sam-mcnamara-p0ZvBVpW3KY-unsplash-scaled.jpg?resize=768%2C509&amp;ssl=1 768w, https:\/\/i0.wp.com\/osteopathie-ritthammer.de\/wp-content\/uploads\/2023\/07\/sam-mcnamara-p0ZvBVpW3KY-unsplash-scaled.jpg?resize=1536%2C1017&amp;ssl=1 1536w, https:\/\/i0.wp.com\/osteopathie-ritthammer.de\/wp-content\/uploads\/2023\/07\/sam-mcnamara-p0ZvBVpW3KY-unsplash-scaled.jpg?resize=2048%2C1356&amp;ssl=1 2048w\" sizes=\"(max-width: 300px) 100vw, 300px\" \/><\/p>\n<p>Der etwas ander Beckenbodenkurs! Um genau zu sein, sind es 2 Kurse. Einer f\u00fcr Frauen vor und w\u00e4hrend der Schwangerschaft (Block A) und einer f\u00fcr die Zeit danach (Block B), egal wie und wann du entbunden hast. Wir gehen hier viel auf die Funktion des Beckenbodens ein, das Wahrnehmen und Ansteuern. Geburtsverletzungen werden besprochen und die damit verbundenen Probleme. Du bekommst vor allem viel Hilfe und Aufkl\u00e4rung an die Hand, denn Wissen ist Macht und nein, diese &#8222;Frauenbeschwerden&#8220; solltest du nicht hinnehmen.<\/p>\n<p><strong>Block A<\/strong> findet am 12.11.2023 statt um 9:00 Uhr + Goodiebag <br><strong>Block B<\/strong> im Anschluss am 12.11.2023 um 11:30 Uhr + Goodiebag<br>Alle Infos zu den Zeiten und der Anmeldung findest du bei <a href=\"http:\/\/www.buntevoegel.com\">http:\/\/www.buntevoegel.com<\/a><\/p>\n<h1><strong>K\u00f6rperZeit <br><\/strong><\/h1>\n<p><img data-recalc-dims=\"1\" loading=\"lazy\" decoding=\"async\" class=\"alignnone  wp-image-467\" src=\"https:\/\/i0.wp.com\/osteopathie-ritthammer.de\/wp-content\/uploads\/2021\/10\/KoerperZeit.png?resize=239%2C424&#038;ssl=1\" alt=\"\" width=\"239\" height=\"424\" srcset=\"https:\/\/i0.wp.com\/osteopathie-ritthammer.de\/wp-content\/uploads\/2021\/10\/KoerperZeit.png?resize=169%2C300&amp;ssl=1 169w, https:\/\/i0.wp.com\/osteopathie-ritthammer.de\/wp-content\/uploads\/2021\/10\/KoerperZeit.png?resize=576%2C1024&amp;ssl=1 576w, https:\/\/i0.wp.com\/osteopathie-ritthammer.de\/wp-content\/uploads\/2021\/10\/KoerperZeit.png?resize=768%2C1365&amp;ssl=1 768w, https:\/\/i0.wp.com\/osteopathie-ritthammer.de\/wp-content\/uploads\/2021\/10\/KoerperZeit.png?resize=864%2C1536&amp;ssl=1 864w, https:\/\/i0.wp.com\/osteopathie-ritthammer.de\/wp-content\/uploads\/2021\/10\/KoerperZeit.png?w=1080&amp;ssl=1 1080w\" sizes=\"(max-width: 239px) 100vw, 239px\" \/><\/p>\n<p>Wir gehen in die 4. Runde! Vom 16.10.2022 ab, 4 Wochen lang, findet wieder unser K\u00f6rperZeit-Seminar statt. 4 Wochen nur f\u00fcr dich! Sichere dir den Early Bird Preis! Nimm dir die Zeit und erfahre mehr \u00fcber deine K\u00f6rperfunktionen Darm, Herz-Kreislauf, Nervensystem, Hormonsystem und all ihre Zusammenh\u00e4nge. Besch\u00e4ftige dich mit dir, deinem Mindset, erlebe Yoga und Mediation. Wir freuen uns schon auf dich!<\/p>\n<p>Mehr Informationen zum Workshop mit Lisa Ganster und mir, findest du unter <a href=\"http:\/\/www.sarah-ritthammer.de\">http:\/\/www.sarah-ritthammer.de<\/a> oder auf Instagram <a href=\"https:\/\/www.instagram.com\/sarah.ritthammer\/\">https:\/\/www.instagram.com\/sarah.ritthammer\/<\/a><\/p>\n<p><\/p>","protected":false},"excerpt":{"rendered":"<p>Artgerechter Babyschlaf Vortrag Kurse:&#8211; Mittwoch den 13.09.2023 von 9:30 &#8211; 11:00 Uhr online Anmeldung \u00fcber mich sarahritthammer@gmail.com &#8211; Mittwoch den 25.10. 2023 von 9:30 &#8211; 11:00 Uhr online Anmeldung \u00fcber mich sarahritthammer@gmail.com Gedacht ist der Kurs f\u00fcr alle werdenden und schon angekommene Eltern, sowie Interessierte, die mit Babys arbeiten. Ich kl\u00e4re dar\u00fcber auf, wie Babys &hellip; <\/p>\n<p class=\"link-more\"><a href=\"https:\/\/osteopathie-ritthammer.de\/?page_id=216\" class=\"more-link\"><span class=\"screen-reader-text\">\u201eTermine\u201c<\/span> weiterlesen<\/a><\/p>\n","protected":false},"author":1,"featured_media":634,"parent":0,"menu_order":0,"comment_status":"closed","ping_status":"closed","template":"","meta":{"footnotes":""},"jetpack_sharing_enabled":true,"_links":{"self":[{"href":"https:\/\/osteopathie-ritthammer.de\/index.php?rest_route=\/wp\/v2\/pages\/216"}],"collection":[{"href":"https:\/\/osteopathie-ritthammer.de\/index.php?rest_route=\/wp\/v2\/pages"}],"about":[{"href":"https:\/\/osteopathie-ritthammer.de\/index.php?rest_route=\/wp\/v2\/types\/page"}],"author":[{"embeddable":true,"href":"https:\/\/osteopathie-ritthammer.de\/index.php?rest_route=\/wp\/v2\/users\/1"}],"replies":[{"embeddable":true,"href":"https:\/\/osteopathie-ritthammer.de\/index.php?rest_route=%2Fwp%2Fv2%2Fcomments&post=216"}],"version-history":[{"count":41,"href":"https:\/\/osteopathie-ritthammer.de\/index.php?rest_route=\/wp\/v2\/pages\/216\/revisions"}],"predecessor-version":[{"id":653,"href":"https:\/\/osteopathie-ritthammer.de\/index.php?rest_route=\/wp\/v2\/pages\/216\/revisions\/653"}],"wp:featuredmedia":[{"embeddable":true,"href":"https:\/\/osteopathie-ritthammer.de\/index.php?rest_route=\/wp\/v2\/media\/634"}],"wp:attachment":[{"href":"https:\/\/osteopathie-ritthammer.de\/index.php?rest_route=%2Fwp%2Fv2%2Fmedia&parent=216"}],"curies":[{"name":"wp","href":"https:\/\/api.w.org\/{rel}","templated":true}]}}