{"id":20,"date":"2017-09-25T20:17:11","date_gmt":"2017-09-25T20:17:11","guid":{"rendered":"http:\/\/osteopathie-ritthammer.de\/?page_id=20"},"modified":"2025-10-21T20:07:39","modified_gmt":"2025-10-21T20:07:39","slug":"osteopathie","status":"publish","type":"page","link":"https:\/\/osteopathie-ritthammer.de\/?page_id=20","title":{"rendered":"Osteopathie"},"content":{"rendered":"<blockquote><p>Den K\u00f6rper stets als Ganzes betrachten mit all seinen Geschichten!<\/p><\/blockquote>\n<p><strong>Osteopathie<\/strong> ist eine ganzheitliche Untersuchungs- und Behandlungsmethode des ganzen K\u00f6rpers, der Therapeut\/in tut dies ausschlie\u00dflich mit seinen H\u00e4nden. Behandelt werden verschiedene Gewebe des K\u00f6rpers, wenn diese im Zusammenhang mit den Beschwerden oder der Erkrankung des Patienten stehen. Im Vordergrund steht die Verbesserung der Versorgung von Gewebe um die Selbstregulation anzukurbeln und die Funktion zu verbessern. Mit einbezogen werden nicht nur Faszien, Muskeln und Knochen sodern ebenso das Gef\u00e4\u00df-, Nerven-, Hormonsystem und die inneren Organe. Der menschliche K\u00f6rper besitzt die Lebenskraft und damit die F\u00e4higkeit zur Selbstverteidigung, -regulation und \u2013heilung. Als Therapeutin sehe ich meine PatientInnen stets in ihrer Individualit\u00e4t als Ganzes und versuche mein M\u00f6glichstes nach bestem Wissen und Gewissen, um Sie auf Ihrem Weg zu unterst\u00fctzen. Die interdisziplin\u00e4re Zusammenarbeit mit anderen Fachgebieten ist mir hier auch sehr wichtig. Osteopathie sehe ich als Kompliment\u00e4rmedizin an.<\/p>\n<p><strong>Kinderosteopathie<\/strong> ist ein ganz besonderer Bereich der Osteopathie und wird achtsam mit sanften Griffen ausgef\u00fchrt. Es ist kein Schaden einen S\u00e4ugling nach seiner Geburt einmal osteopathisch checken zu lassen. Denn w\u00e4hrend einer Geburt wirken viele Kr\u00e4fte auf einen S\u00e4ugling ein und v.a. bei komplizierten Geburten, Beckenendlagen, Saugglockengeburten oder Kaiserschnitten kann es zu Beschwerden nach der Entbindung kommen. Diese Kinder zeigen manchmal sogar direkt k\u00f6rperliche Symptome. F\u00fcr mich ist es eines der sch\u00f6nsten Dinge, kleine Babys so fr\u00fch wie m\u00f6glich auf einen guten Weg mit Ihren Eltern zu bringen.<br \/>\nDurch meine Zusatzausbildungen zum Thema KISS-Syndrom, Zungenbandrestriktionen und Artgerecht-Schlafcoach kann ich Eltern auch bei diesen Themen kompetent beraten.<\/p>\n<p><strong>Osteopathie gezielt f\u00fcr Frauen\u00a0<\/strong>bei typischen Frauenbeschwerden, Kinderwunsch, in den Wechseljahren, in der Schwangerschaft und vor allem nach einer Geburt, kann es sehr sinnvoll sein, sich vaginal untersuchen und behandeln zu lassen. Hierbei wird ein extra Termin mit spezieller Aufkl\u00e4rung vereinbart, im gesch\u00fctzem Rahmen und nur unter Zustimmung der Patientin. Die vaginale Behandlung ist eine speziell erlernte Technik unter Osteopathinnen und wird achtsam mit den H\u00e4nden ausgef\u00fchrt, \u00e4hnlich wie bei einem Gyn\u00e4kologietermin.<\/p>\n<p><strong>Historie:<\/strong><\/p>\n<p>Der Begr\u00fcnder der Osteopathie Andrew Taylor Still wurde am 6. August 1828 in Lee County, Virginia geboren und der 22. Juni 1874 wurde mit Ihm die Geburtsstunde der Osteopathie. Nach anf\u00e4nglichen Schwierigkeiten wurde 1892 die American School of Osteopathy (ASO) in Kirksville gegr\u00fcndet und die Geschichte nahm ihren Lauf.<\/p>\n<p><strong>Die 3 S\u00e4ulen:<\/strong><\/p>\n<p>\u2022 Parietale Osteopathie<br \/>\nDient der Diagnose und Behandlung von Dysfunktionen im gesamten K\u00f6rper mit seinen kn\u00f6chernen, membran\u00f6sen und vaskul\u00e4ren Strukturen.<\/p>\n<p>\u2022 Craniale Osteopathie<br \/>\nDient ebenfalls der Diagnose und Behandlung von Dysfunktionen im gesamten K\u00f6rper, speziell des Sch\u00e4dels mit kn\u00f6chernen, membran\u00f6sen und vaskul\u00e4ren Strukturen. Wird vor allem auch in der Behandlung von S\u00e4uglingen und Kindern eingesetzt.<\/p>\n<p>\u2022 Viszerale Osteopathie<br \/>\nBefasst sich mit der Diagnose und Behandlung von Organen. In diesem Bereich liegt meiner Meinung nach das Steckenpferd der Osteopathen. Organe sind ebenso abh\u00e4ngig von einer guten Durchblutung, ven\u00f6sen Drainage, Lymphdrainage, Nervenversorgung, Mobilit\u00e4t und Motilit\u00e4t. Die inneren Organe sind wichtig f\u00fcr die Hom\u00f6ostase im K\u00f6rper.<\/p>\n<p>In der Osteopathie werden diese 3 Pfeiler immer ber\u00fccksichtig, die Osteopathie glaubt an die Wichtigkeit dieses Ansatzes um den Menschen in seiner Ganzheit zu betrachten und zu behandeln.<\/p>\n<p><strong>Besonderer Hinweis:<\/strong><\/p>\n<p>Die hier beschriebenen Diagnose- und Behandlungsverfahren Osteopathie und Craniosacrale Therapie basieren auf der naturkundlichen Erfahrungsmedizin und werden nur beschr\u00e4nkt von der allgemeinen Schulmedizin anerkannt. Die getroffenen Aussagen \u00fcber Eigenschaften, Wirkungen und Indikationen beruhen auf den Erkenntnissen und Erfahrungswerten der beschriebenen Methode selbst und stellen kein Heilsversprechen dar.<br \/>\nBitte beachten Sie dar\u00fcber hinaus, dass alle hier aufgezeigten Indikationen nur beispielhaft sind, die in keinem Fall ein Heilversprechen bedeuten. Trotz aufgef\u00fchrtem Anwendungsbeispiel kann eine Behandlung im Einzelfall auch nicht angezeigt sein.<\/p>\n","protected":false},"excerpt":{"rendered":"<p>Den K\u00f6rper stets als Ganzes betrachten mit all seinen Geschichten! Osteopathie ist eine ganzheitliche Untersuchungs- und Behandlungsmethode des ganzen K\u00f6rpers, der Therapeut\/in tut dies ausschlie\u00dflich mit seinen H\u00e4nden. Behandelt werden verschiedene Gewebe des K\u00f6rpers, wenn diese im Zusammenhang mit den Beschwerden oder der Erkrankung des Patienten stehen. Im Vordergrund steht die Verbesserung der Versorgung von &hellip; <\/p>\n<p class=\"link-more\"><a href=\"https:\/\/osteopathie-ritthammer.de\/?page_id=20\" class=\"more-link\"><span class=\"screen-reader-text\">\u201eOsteopathie\u201c<\/span> weiterlesen<\/a><\/p>\n","protected":false},"author":1,"featured_media":625,"parent":0,"menu_order":2,"comment_status":"closed","ping_status":"closed","template":"","meta":{"footnotes":""},"jetpack_sharing_enabled":true,"_links":{"self":[{"href":"https:\/\/osteopathie-ritthammer.de\/index.php?rest_route=\/wp\/v2\/pages\/20"}],"collection":[{"href":"https:\/\/osteopathie-ritthammer.de\/index.php?rest_route=\/wp\/v2\/pages"}],"about":[{"href":"https:\/\/osteopathie-ritthammer.de\/index.php?rest_route=\/wp\/v2\/types\/page"}],"author":[{"embeddable":true,"href":"https:\/\/osteopathie-ritthammer.de\/index.php?rest_route=\/wp\/v2\/users\/1"}],"replies":[{"embeddable":true,"href":"https:\/\/osteopathie-ritthammer.de\/index.php?rest_route=%2Fwp%2Fv2%2Fcomments&post=20"}],"version-history":[{"count":16,"href":"https:\/\/osteopathie-ritthammer.de\/index.php?rest_route=\/wp\/v2\/pages\/20\/revisions"}],"predecessor-version":[{"id":1202,"href":"https:\/\/osteopathie-ritthammer.de\/index.php?rest_route=\/wp\/v2\/pages\/20\/revisions\/1202"}],"wp:featuredmedia":[{"embeddable":true,"href":"https:\/\/osteopathie-ritthammer.de\/index.php?rest_route=\/wp\/v2\/media\/625"}],"wp:attachment":[{"href":"https:\/\/osteopathie-ritthammer.de\/index.php?rest_route=%2Fwp%2Fv2%2Fmedia&parent=20"}],"curies":[{"name":"wp","href":"https:\/\/api.w.org\/{rel}","templated":true}]}}